{"id":13,"date":"2012-10-28T16:20:51","date_gmt":"2012-10-28T15:20:51","guid":{"rendered":"http:\/\/www.wolff-online.de\/wp\/?page_id=13"},"modified":"2012-10-28T17:03:50","modified_gmt":"2012-10-28T16:03:50","slug":"speditionssoftware-air-waybill-awb-formular-helfer","status":"publish","type":"page","link":"http:\/\/www.wolff-online.de\/wp\/?page_id=13","title":{"rendered":"Speditionssoftware: Air Waybill (AWB) Formular Helfer"},"content":{"rendered":"<p><a href=\"http:\/\/www.wolff-online.de\/wp\/wp-content\/uploads\/2012\/10\/awb_thumb.jpg\"><img loading=\"lazy\" decoding=\"async\" class=\"size-full wp-image-16 alignright\" title=\"awb_thumb\" src=\"http:\/\/www.wolff-online.de\/wp\/wp-content\/uploads\/2012\/10\/awb_thumb.jpg\" alt=\"\" width=\"256\" height=\"223\" \/><\/a><\/p>\n<p align=\"JUSTIFY\">Diese Software wurde entwickelt, um m\u00f6glichst einfach, flexibel und passgenau ein AWB-Formular mit einem Nadeldrucker zu bedrucken.<\/p>\n<p><strong>Einige Features der Anwendung:<\/strong><br \/>\n&#8211; Laden und Speichern von AWBs<br \/>\n&#8211; Schneller ASCII-Druck auf Nadeldruckern<br \/>\n&#8211; Korrekte Positionierung der Daten im Formular, Justierhilfen bei verschiedenen Druckern<br \/>\n&#8211; <strong><span style=\"color: #ff0000;\">NEU: AWB Labeldruck auf DINA4-Etiketten (4x DINA6 auf DINA4) und auf Endlos-Labeldrucker<\/span><\/strong><\/p>\n<p><strong>Systemvoraussetzungen:<\/strong><br \/>\n&#8211; Windows 2000 oder XP<br \/>\n&#8211; Nadeldrucker mit fest einstellbarer 10cpi-Schrift, (USB,Parallel,Seriell,Netzwerk) f\u00fcr AWB-Formular-Druck<br \/>\n&#8211; DINA4-Drucker (Laser\/Tintenstrahl) oder Endlos-Labeldrucker f\u00fcr AWB-Label-Druck<\/p>\n<p>Auf Anfrage schicken wir Ihnen gerne eine DEMO-Version!<\/p>\n<p><a href=\"http:\/\/www.wolff-online.de\/pdfs\/flyer_awb.pdf\">Klicken Sie hier, um den Produktflyer herunterzuladen<\/a><\/p>\n<p><span style=\"color: #ff0000;\"><strong>NEU!!! Jetzt auch als Netzwerkversion!<\/strong><\/span><br \/>\nSie kaufen die Anzahl der Lizenzen, die gleichzeitig im Netzwerk aktiv sein d\u00fcrfen und k\u00f6nnen die Software auf so vielen Arbeitspl\u00e4tzen installieren, wie Sie m\u00f6chten.<\/p>\n","protected":false},"excerpt":{"rendered":"<p>Diese Software wurde entwickelt, um m\u00f6glichst einfach, flexibel und passgenau ein AWB-Formular mit einem Nadeldrucker zu bedrucken. Einige Features der Anwendung: &#8211; Laden und Speichern von AWBs &#8211; Schneller ASCII-Druck auf Nadeldruckern &#8211; Korrekte Positionierung der Daten im Formular, Justierhilfen bei verschiedenen Druckern &#8211; NEU: AWB Labeldruck auf DINA4-Etiketten (4x DINA6 auf DINA4) und auf [&hellip;]<\/p>\n","protected":false},"author":1,"featured_media":0,"parent":9,"menu_order":0,"comment_status":"closed","ping_status":"open","template":"","meta":{"footnotes":""},"class_list":["post-13","page","type-page","status-publish","hentry"],"_links":{"self":[{"href":"http:\/\/www.wolff-online.de\/wp\/index.php?rest_route=\/wp\/v2\/pages\/13","targetHints":{"allow":["GET"]}}],"collection":[{"href":"http:\/\/www.wolff-online.de\/wp\/index.php?rest_route=\/wp\/v2\/pages"}],"about":[{"href":"http:\/\/www.wolff-online.de\/wp\/index.php?rest_route=\/wp\/v2\/types\/page"}],"author":[{"embeddable":true,"href":"http:\/\/www.wolff-online.de\/wp\/index.php?rest_route=\/wp\/v2\/users\/1"}],"replies":[{"embeddable":true,"href":"http:\/\/www.wolff-online.de\/wp\/index.php?rest_route=%2Fwp%2Fv2%2Fcomments&post=13"}],"version-history":[{"count":6,"href":"http:\/\/www.wolff-online.de\/wp\/index.php?rest_route=\/wp\/v2\/pages\/13\/revisions"}],"predecessor-version":[{"id":43,"href":"http:\/\/www.wolff-online.de\/wp\/index.php?rest_route=\/wp\/v2\/pages\/13\/revisions\/43"}],"up":[{"embeddable":true,"href":"http:\/\/www.wolff-online.de\/wp\/index.php?rest_route=\/wp\/v2\/pages\/9"}],"wp:attachment":[{"href":"http:\/\/www.wolff-online.de\/wp\/index.php?rest_route=%2Fwp%2Fv2%2Fmedia&parent=13"}],"curies":[{"name":"wp","href":"https:\/\/api.w.org\/{rel}","templated":true}]}}