{"id":2,"date":"2012-10-28T15:00:57","date_gmt":"2012-10-28T15:00:57","guid":{"rendered":"http:\/\/www.wolff-online.de\/wp\/?page_id=2"},"modified":"2012-10-28T18:10:15","modified_gmt":"2012-10-28T17:10:15","slug":"beispiel-seite","status":"publish","type":"page","link":"http:\/\/www.wolff-online.de\/wp\/?page_id=2","title":{"rendered":"Unternehmen"},"content":{"rendered":"<p><a href=\"http:\/\/www.wolff-online.de\/wp\/wp-content\/uploads\/2012\/10\/passbild1.jpg\"><img loading=\"lazy\" decoding=\"async\" class=\"alignleft size-full wp-image-7\" title=\"passbild\" src=\"http:\/\/www.wolff-online.de\/wp\/wp-content\/uploads\/2012\/10\/passbild1.jpg\" alt=\"\" width=\"137\" height=\"185\" \/><\/a><\/p>\n<p style=\"text-align: left;\" align=\"JUSTIFY\">\n<p style=\"text-align: left;\" align=\"JUSTIFY\">Seit 1994 betreut das Ingenieurb\u00fcro Markus Wolff in der Region Hannover mittelst\u00e4ndische und gro\u00dfe Unternehmen bei allen Fragen rund um die elektronische Datenverarbeitung.<\/p>\n<p style=\"text-align: left;\" align=\"JUSTIFY\">Unser Bestreben ist es, Ihnen einen umfassenden Service in allen Bereichen des gesch\u00e4ftlichen Umfelds zu bieten. Auf Wunsch begleiten wir Sie vom Beginn Ihrer gesch\u00e4ftlichen T\u00e4tigkeit bis hin zum reibungslosen Ablauf des Tagesgesch\u00e4fts.<\/p>\n<p style=\"text-align: left;\" align=\"JUSTIFY\">Dazu geh\u00f6rt die Konzeption, Umsetzung und Anschaffung von Telekommunikationsanlagen und Rechnernetzen sowie deren Betreuung, Wartung und Reparatur. Weiterhin bieten wir Ihnen die Schulung Ihrer Mitarbeiter f\u00fcr diverse Produkte und Programme. Um das Angebot letztendlich abzurunden, bekommen Sie von uns selbstverst\u00e4ndlich alle Verbrauchsmaterialien, um Ihre Produkte ohne Unterbrechung nutzen zu k\u00f6nnen.<\/p>\n<p style=\"text-align: left;\" align=\"JUSTIFY\">Ist das von Ihnen gew\u00fcnschte Thema rund um den IT-Bereich nicht aufgef\u00fchrt? Vielleicht ist unter unseren weitreichenden Firmenkontakten etwas dabei, wir helfen Ihnen gerne weiter!<\/p>\n","protected":false},"excerpt":{"rendered":"<p>Seit 1994 betreut das Ingenieurb\u00fcro Markus Wolff in der Region Hannover mittelst\u00e4ndische und gro\u00dfe Unternehmen bei allen Fragen rund um die elektronische Datenverarbeitung. Unser Bestreben ist es, Ihnen einen umfassenden Service in allen Bereichen des gesch\u00e4ftlichen Umfelds zu bieten. Auf Wunsch begleiten wir Sie vom Beginn Ihrer gesch\u00e4ftlichen T\u00e4tigkeit bis hin zum reibungslosen Ablauf des [&hellip;]<\/p>\n","protected":false},"author":1,"featured_media":7,"parent":0,"menu_order":1,"comment_status":"closed","ping_status":"open","template":"","meta":{"footnotes":""},"class_list":["post-2","page","type-page","status-publish","has-post-thumbnail","hentry"],"_links":{"self":[{"href":"http:\/\/www.wolff-online.de\/wp\/index.php?rest_route=\/wp\/v2\/pages\/2","targetHints":{"allow":["GET"]}}],"collection":[{"href":"http:\/\/www.wolff-online.de\/wp\/index.php?rest_route=\/wp\/v2\/pages"}],"about":[{"href":"http:\/\/www.wolff-online.de\/wp\/index.php?rest_route=\/wp\/v2\/types\/page"}],"author":[{"embeddable":true,"href":"http:\/\/www.wolff-online.de\/wp\/index.php?rest_route=\/wp\/v2\/users\/1"}],"replies":[{"embeddable":true,"href":"http:\/\/www.wolff-online.de\/wp\/index.php?rest_route=%2Fwp%2Fv2%2Fcomments&post=2"}],"version-history":[{"count":6,"href":"http:\/\/www.wolff-online.de\/wp\/index.php?rest_route=\/wp\/v2\/pages\/2\/revisions"}],"predecessor-version":[{"id":54,"href":"http:\/\/www.wolff-online.de\/wp\/index.php?rest_route=\/wp\/v2\/pages\/2\/revisions\/54"}],"wp:featuredmedia":[{"embeddable":true,"href":"http:\/\/www.wolff-online.de\/wp\/index.php?rest_route=\/wp\/v2\/media\/7"}],"wp:attachment":[{"href":"http:\/\/www.wolff-online.de\/wp\/index.php?rest_route=%2Fwp%2Fv2%2Fmedia&parent=2"}],"curies":[{"name":"wp","href":"https:\/\/api.w.org\/{rel}","templated":true}]}}