{"id":9,"date":"2012-10-28T16:18:13","date_gmt":"2012-10-28T15:18:13","guid":{"rendered":"http:\/\/www.wolff-online.de\/wp\/?page_id=9"},"modified":"2012-10-28T18:10:43","modified_gmt":"2012-10-28T17:10:43","slug":"software","status":"publish","type":"page","link":"http:\/\/www.wolff-online.de\/wp\/?page_id=9","title":{"rendered":"Software"},"content":{"rendered":"<p><a href=\"http:\/\/www.wolff-online.de\/wp\/wp-content\/uploads\/2012\/10\/keyboard.jpg\"><img loading=\"lazy\" decoding=\"async\" class=\"alignright  wp-image-51\" title=\"keyboard\" src=\"http:\/\/www.wolff-online.de\/wp\/wp-content\/uploads\/2012\/10\/keyboard.jpg\" alt=\"\" width=\"262\" height=\"143\" srcset=\"http:\/\/www.wolff-online.de\/wp\/wp-content\/uploads\/2012\/10\/keyboard.jpg 374w, http:\/\/www.wolff-online.de\/wp\/wp-content\/uploads\/2012\/10\/keyboard-300x163.jpg 300w\" sizes=\"auto, (max-width: 262px) 100vw, 262px\" \/><\/a><\/p>\n<p>Sie ben\u00f6tigen eine Software-Anwendung f\u00fcr ein Thema, f\u00fcr das scheinbar keinerlei fertige Produkte auf dem Markt existieren? Oder Sie m\u00f6chten ein speziell auf Sie zugeschnittenes Programm entwickelt haben? Sprechen Sie uns an, unser Entwicklerteam ist in der Lage, Ihre W\u00fcnsche umzusetzen.<\/p>\n","protected":false},"excerpt":{"rendered":"<p>Sie ben\u00f6tigen eine Software-Anwendung f\u00fcr ein Thema, f\u00fcr das scheinbar keinerlei fertige Produkte auf dem Markt existieren? Oder Sie m\u00f6chten ein speziell auf Sie zugeschnittenes Programm entwickelt haben? Sprechen Sie uns an, unser Entwicklerteam ist in der Lage, Ihre W\u00fcnsche umzusetzen.<\/p>\n","protected":false},"author":1,"featured_media":0,"parent":0,"menu_order":2,"comment_status":"closed","ping_status":"closed","template":"","meta":{"footnotes":""},"class_list":["post-9","page","type-page","status-publish","hentry"],"_links":{"self":[{"href":"http:\/\/www.wolff-online.de\/wp\/index.php?rest_route=\/wp\/v2\/pages\/9","targetHints":{"allow":["GET"]}}],"collection":[{"href":"http:\/\/www.wolff-online.de\/wp\/index.php?rest_route=\/wp\/v2\/pages"}],"about":[{"href":"http:\/\/www.wolff-online.de\/wp\/index.php?rest_route=\/wp\/v2\/types\/page"}],"author":[{"embeddable":true,"href":"http:\/\/www.wolff-online.de\/wp\/index.php?rest_route=\/wp\/v2\/users\/1"}],"replies":[{"embeddable":true,"href":"http:\/\/www.wolff-online.de\/wp\/index.php?rest_route=%2Fwp%2Fv2%2Fcomments&post=9"}],"version-history":[{"count":7,"href":"http:\/\/www.wolff-online.de\/wp\/index.php?rest_route=\/wp\/v2\/pages\/9\/revisions"}],"predecessor-version":[{"id":53,"href":"http:\/\/www.wolff-online.de\/wp\/index.php?rest_route=\/wp\/v2\/pages\/9\/revisions\/53"}],"wp:attachment":[{"href":"http:\/\/www.wolff-online.de\/wp\/index.php?rest_route=%2Fwp%2Fv2%2Fmedia&parent=9"}],"curies":[{"name":"wp","href":"https:\/\/api.w.org\/{rel}","templated":true}]}}